{"id":6088,"date":"2019-07-09T08:55:59","date_gmt":"2019-07-09T06:55:59","guid":{"rendered":"http:\/\/pre.luxsipa.lu\/web\/the-association\/"},"modified":"2022-04-07T14:59:07","modified_gmt":"2022-04-07T12:59:07","slug":"der-verband","status":"publish","type":"page","link":"https:\/\/luxsipa.lu\/web\/de\/der-verband\/","title":{"rendered":"Der Verband"},"content":{"rendered":"<p>[vc_row][vc_column][vc_empty_space][\/vc_column][\/vc_row][vc_row content_placement=&#8221;middle&#8221; content_text_aligment=&#8221;left&#8221; css=&#8221;.vc_custom_1610465214895{margin-right: 5% !important;margin-left: 5% !important;background-image: url(https:\/\/luxsipa.lu\/web\/wp-content\/uploads\/2021\/01\/LUXSIPA-AboutUs-picture-1.jpg?id=3596) !important;background-position: center !important;background-repeat: no-repeat !important;background-size: cover !important;}&#8221;][vc_column]<div class=\"qodef-elements-holder   qodef-one-column  qodef-responsive-mode-768  \" ><div class=\"qodef-eh-item    \"  data-item-class=\"qodef-eh-custom-6239\" data-1441-1700=\"100px 50% 30px 5%\" data-1367-1440=\"100px 50% 30px 5%\" data-1025-1366=\"180px 32% 33px 5.5%\" data-769-1024=\"180px 25% 30px 5.2%\" data-681-768=\"150px 25% 0px 2.5%\" data-680=\"80px 9% 0px 5.5%\">\n\t<div class=\"qodef-eh-item-inner\">\n\t\t<div class=\"qodef-eh-item-content qodef-eh-custom-6239\" style=\"padding: 100px 50% 30px 5%\">\n\t\t\t[vc_empty_space height=&#8221;33px&#8221;][vc_column_text el_class=&#8221;about-us-block-0&#8243;]Strukturierte Produkte haben sich in den letzten Jahren zu einer etablierten Anlageklasse f\u00fcr professionelle und private Anleger entwickelt.[\/vc_column_text]\t\t<\/div>\n\t<\/div>\n<\/div><\/div>[vc_empty_space][\/vc_column][\/vc_row][vc_row row_background_corner=&#8221;bottom-left&#8221; css=&#8221;.vc_custom_1610456877458{padding-top: 95px !important;padding-bottom: 95px !important;}&#8221;][vc_column][vc_row_inner row_content_width=&#8221;grid&#8221; css=&#8221;.vc_custom_1562665426257{padding-bottom: 75px !important;}&#8221;][vc_column_inner offset=&#8221;vc_col-lg-offset-0 vc_col-lg-4 vc_col-md-offset-0 vc_col-md-12 vc_col-sm-offset-0 vc_col-xs-12&#8243; css=&#8221;.vc_custom_1563277572879{padding-right: 18% !important;}&#8221;]<div class=\"qodef-numbered-section-holder  qodef-ns-back-title-exist\">\n\t\t\t<span class=\"qodef-ns-back-title\" style=\"color: #ece9e5\">\n\t\t\t\t01\t\t\t<\/span>\n\t\t<div class=\"qodef-ns-inner\">\n\t\t\t\t\t<h4 class=\"qodef-ns-title\" >\n\t\t\t\tWIR F\u00d6RDERN STRUKTURIERTE PRODUKTE.\t\t\t<\/h4>\n\t\t\n        <div class=\"qodef-separator-holder clearfix  qodef-separator-left \">\n\t<div class=\"qodef-separator\" style=\"width: 40px;border-bottom-width: 1px\"><\/div>\n<\/div>\n\n\t\t\t\t\t<p class=\"qodef-ns-text\" >\n\t\t\t\tZiel des Verbands ist die F\u00f6rderung des Gesamtimages strukturierter Produkte und des Finanzplatzes Luxemburg insgesamt.\t\t\t<\/p>\n\t\t\t<\/div>\n<\/div>[vc_empty_space][\/vc_column_inner][vc_column_inner offset=&#8221;vc_col-lg-offset-0 vc_col-lg-4 vc_col-md-offset-0 vc_col-md-12 vc_col-sm-offset-0 vc_col-xs-12&#8243; css=&#8221;.vc_custom_1563277579399{padding-right: 18% !important;}&#8221;]<div class=\"qodef-numbered-section-holder  qodef-ns-back-title-exist\">\n\t\t\t<span class=\"qodef-ns-back-title\" style=\"color: #ece9e5\">\n\t\t\t\t02\t\t\t<\/span>\n\t\t<div class=\"qodef-ns-inner\">\n\t\t\t\t\t<h4 class=\"qodef-ns-title\" >\n\t\t\t\tWIR SORGEN F\u00dcR ST\u00c4NDIGEN EINFLUSS.\t\t\t<\/h4>\n\t\t\n        <div class=\"qodef-separator-holder clearfix  qodef-separator-left \">\n\t<div class=\"qodef-separator\" style=\"width: 40px;border-bottom-width: 1px\"><\/div>\n<\/div>\n\n\t\t\t\t\t<p class=\"qodef-ns-text\" >\n\t\t\t\tWir bem\u00fchen uns, den Verband als erste, fairste und beste Anlaufstelle f\u00fcr alle Fragen zu strukturierten Produkten in Luxemburg zu positionieren.\t\t\t<\/p>\n\t\t\t<\/div>\n<\/div>[vc_empty_space][\/vc_column_inner][vc_column_inner offset=&#8221;vc_col-lg-offset-0 vc_col-lg-4 vc_col-md-offset-0 vc_col-md-12 vc_col-sm-offset-0 vc_col-xs-12&#8243; css=&#8221;.vc_custom_1563277587238{padding-right: 18% !important;}&#8221;]<div class=\"qodef-numbered-section-holder  qodef-ns-back-title-exist\">\n\t\t\t<span class=\"qodef-ns-back-title\" style=\"color: #ece9e5\">\n\t\t\t\t03\t\t\t<\/span>\n\t\t<div class=\"qodef-ns-inner\">\n\t\t\t\t\t<h4 class=\"qodef-ns-title\" >\n\t\t\t\tWIR ST\u00c4RKEN DIE BRANCHE F\u00dcR STRUKTURIERTE PRODUKTE.\t\t\t<\/h4>\n\t\t\n        <div class=\"qodef-separator-holder clearfix  qodef-separator-left \">\n\t<div class=\"qodef-separator\" style=\"width: 40px;border-bottom-width: 1px\"><\/div>\n<\/div>\n\n\t\t\t\t\t<p class=\"qodef-ns-text\" >\n\t\t\t\tUnsere Mission ist es, die in Luxemburg ans\u00e4ssige Branche f\u00fcr strukturierte Produkte als hochwertiges Segment f\u00fcr Marktteilnehmer und Beh\u00f6rden zu st\u00e4rken.\t\t\t<\/p>\n\t\t\t<\/div>\n<\/div>[vc_empty_space][\/vc_column_inner][\/vc_row_inner][vc_row_inner row_content_width=&#8221;grid&#8221;][vc_column_inner offset=&#8221;vc_col-lg-offset-0 vc_col-lg-7 vc_col-md-offset-0 vc_col-md-12 vc_col-sm-offset-0 vc_col-xs-12&#8243;]<div class=\"qodef-elements-holder   qodef-one-column  qodef-responsive-mode-768  \" ><div class=\"qodef-eh-item    \"  data-item-class=\"qodef-eh-custom-9145\">\n\t<div class=\"qodef-eh-item-inner\">\n\t\t<div class=\"qodef-eh-item-content qodef-eh-custom-9145\" style=\"padding: 0px 30px 0px 0px\">\n\t\t\t<div class=\"qodef-single-image-holder   \">\n    <div class=\"qodef-si-inner\" >\n                                    <img loading=\"lazy\" decoding=\"async\" width=\"1119\" height=\"700\" src=\"https:\/\/luxsipa.lu\/web\/wp-content\/uploads\/2021\/01\/LUXSIPA-AboutUs-picture-2.jpg\" class=\"attachment-full size-full\" alt=\"\" srcset=\"https:\/\/luxsipa.lu\/web\/wp-content\/uploads\/2021\/01\/LUXSIPA-AboutUs-picture-2.jpg 1119w, https:\/\/luxsipa.lu\/web\/wp-content\/uploads\/2021\/01\/LUXSIPA-AboutUs-picture-2-300x188.jpg 300w, https:\/\/luxsipa.lu\/web\/wp-content\/uploads\/2021\/01\/LUXSIPA-AboutUs-picture-2-1024x641.jpg 1024w, https:\/\/luxsipa.lu\/web\/wp-content\/uploads\/2021\/01\/LUXSIPA-AboutUs-picture-2-768x480.jpg 768w\" sizes=\"auto, (max-width: 1119px) 100vw, 1119px\" \/>                        <\/div>\n<\/div>\t\t<\/div>\n\t<\/div>\n<\/div><\/div>[\/vc_column_inner][vc_column_inner offset=&#8221;vc_col-lg-offset-0 vc_col-lg-5 vc_col-md-offset-0 vc_col-md-12 vc_col-sm-offset-0 vc_col-xs-12&#8243;]<div class=\"qodef-elements-holder   qodef-one-column  qodef-responsive-mode-768  \" ><div class=\"qodef-eh-item    \"  data-item-class=\"qodef-eh-custom-7819\" data-1441-1700=\"97px 109px 0px 19px\" data-1367-1440=\"53px 42px 0px 0px\" data-1025-1366=\"78px 42px 0px 0px\" data-769-1024=\"60px 252px 0px 0px\" data-681-768=\"60px 130px 0px 0px\" data-680=\"60px 36px 0px 0px\">\n\t<div class=\"qodef-eh-item-inner\">\n\t\t<div class=\"qodef-eh-item-content qodef-eh-custom-7819\" style=\"padding: 105px 107px 0px 19px\">\n\t\t\t<div class=\"qodef-section-title-holder  \" >\n\t<div class=\"qodef-st-inner\">\n\t\t\t\t\t<h1 class=\"qodef-st-title\" >\n\t\t\t\tEUSIPA\t\t\t<\/h1>\n\t\t\n\t\t\n\t\t<div class=\"qodef-separator-holder clearfix   \">\n\t<div class=\"qodef-separator\" style=\"width: 40px;border-bottom-width: 1px\"><\/div>\n<\/div>\n\n\t\t\t\t\t<p class=\"qodef-st-text\" >\n\t\t\t\tEntsprechende Vereinigungen wurden bereits in anderen europ\u00e4ischen L\u00e4ndern gegr\u00fcndet und alle sind Mitglieder der European Structured Investment Products Association.\t\t\t<\/p>\n\t\t\t\t\t\t\t<div class=\"qodef-st-button\"><a itemprop=\"url\" href=\"https:\/\/www.eusipa.org\" target=\"_blank\"  class=\"qodef-btn qodef-btn-medium qodef-btn-outline\"  >\t\t<span class=\"qodef-btn-svg\">\t\t<svg x=\"0px\" y=\"0px\" viewBox=\"0 0 5.5 10.1\" enable-background=\"new 0 0 5.5 10.1\" >\t\t\t\t<path fill=\"#BBBBBB\" d=\"M1.3,5.5L1.2,5.2C2.1,4.5,2.7,4.1,3,3.9c0.3-0.2,0.6-0.2,0.7-0.2c0.1,0,0.2,0,0.3,0.1S4.1,4,4.1,4.2\t\t\t\t\tc0,0.3-0.1,0.8-0.4,1.7L3.5,6.5c-0.3,1-0.4,1.6-0.4,1.9c0,0.1,0.1,0.2,0.2,0.2c0.1,0,0.4-0.2,1-0.6l0.2,0.3L3.2,9.1\t\t\t\t\tC2.8,9.3,2.6,9.4,2.4,9.5c-0.1,0-0.2,0.1-0.3,0.1c-0.1,0-0.3,0-0.3-0.1C1.7,9.3,1.7,9.2,1.7,8.9c0-0.3,0.1-0.7,0.2-1.1l0.4-1.4\t\t\t\t\tC2.4,5.7,2.5,5.3,2.5,5c0-0.1,0-0.2-0.1-0.2c-0.1,0-0.2,0-0.3,0.1C1.8,5.1,1.5,5.3,1.3,5.5z M3.2,2c0-0.3,0.1-0.5,0.2-0.7\t\t\t\t\tS3.8,1,4,1c0.2,0,0.3,0.1,0.5,0.2s0.2,0.3,0.2,0.5c0,0.3-0.1,0.5-0.2,0.7C4.3,2.5,4.1,2.6,3.8,2.6c-0.2,0-0.4-0.1-0.5-0.2\t\t\t\t\tC3.2,2.3,3.2,2.1,3.2,2z\"\/>\t\t<\/svg>\t<\/span>\t<span class=\"qodef-btn-text\">www.eusipa.org<\/span><\/a><\/div>\n\t\t\t<\/div>\n<\/div>\t\t<\/div>\n\t<\/div>\n<\/div><\/div>[\/vc_column_inner][\/vc_row_inner][vc_row_inner row_content_width=&#8221;grid&#8221; css=&#8221;.vc_custom_1562665426257{padding-bottom: 75px !important;}&#8221;][vc_column_inner offset=&#8221;vc_col-lg-offset-0 vc_col-lg-4 vc_col-md-offset-0 vc_col-md-12 vc_col-sm-offset-0 vc_col-xs-12&#8243; css=&#8221;.vc_custom_1610465329813{padding-right: 18% !important;}&#8221;][vc_empty_space][\/vc_column_inner][\/vc_row_inner][vc_row_inner row_content_width=&#8221;grid&#8221; css=&#8221;.vc_custom_1562665426257{padding-bottom: 75px !important;}&#8221;][vc_column_inner offset=&#8221;vc_col-lg-offset-0 vc_col-lg-4 vc_col-md-offset-0 vc_col-md-12 vc_col-sm-offset-0 vc_col-xs-12&#8243; css=&#8221;.vc_custom_1563277572879{padding-right: 18% !important;}&#8221;][vc_column_text]<\/p>\n<h4>LUXSIPA<\/h4>\n<p>[\/vc_column_text]<div class=\"qodef-separator-holder clearfix  qodef-separator-left \">\n\t<div class=\"qodef-separator\" style=\"border-color: #000000;width: 40px;border-bottom-width: 1px\"><\/div>\n<\/div>\n[vc_wp_custommenu title=&#8221;KATEGORIEN&#8221; nav_menu=&#8221;73&#8243;][\/vc_column_inner][vc_column_inner offset=&#8221;vc_col-lg-offset-0 vc_col-lg-4 vc_col-md-offset-0 vc_col-md-12 vc_col-sm-offset-0 vc_col-xs-12&#8243; css=&#8221;.vc_custom_1563277579399{padding-right: 18% !important;}&#8221;][vc_column_text]<strong>LUXSIPA ist in keiner Weise dazu bestimmt, die pers\u00f6nlichen Interessen seiner Mitglieder oder der von ihm vertretenen K\u00f6rperschaften zu verteidigen.<\/strong>[\/vc_column_text][vc_column_text]<\/p>\n<h6>BESCHREIBUNG<\/h6>\n<p>[\/vc_column_text][vc_column_text]<\/p>\n<p class=\"p1\">Strukturierte Produkte haben sich in den letzten Jahren zu einer etablierten Anlageklasse f\u00fcr professionelle und private Anleger entwickelt. Ziel des Verbands ist die F\u00f6rderung des Gesamtimages strukturierter Produkte und des Finanzplatzes Luxemburg insgesamt.<\/p>\n<p class=\"p1\">Die Luxembourg Structured Investment Products Association (LUXSIPA) wurde im Juli 2019 gegr\u00fcndet, um die gemeinsamen Interessen der aktivsten Mitglieder der Branche f\u00fcr strukturierte Produkte auf dem luxemburgischen Markt zu vertreten. Sie vereint die aktivsten Akteure im Bereich strukturierter Produkte, vom Emittenten bis zum K\u00e4ufer, sowie die h\u00e4ufigsten Partner wie B\u00f6rsen oder Berater. Um seinen Einfluss sicherzustellen, strebt der Verband danach, sich als zentraler, fokussierter und objektiver Gespr\u00e4chspartner f\u00fcr alle Fragen rund um strukturierte Produkte in Luxemburg zu positionieren.<\/p>\n<p class=\"p2\">Entsprechende Vereinigungen wurden bereits in anderen europ\u00e4ischen L\u00e4ndern gegr\u00fcndet und alle sind Mitglieder der European Structured Investment Products Association (EUSIPA <a href=\"http:\/\/www.eusipa.org\" target=\"_blank\" rel=\"noopener\">www.eusipa.org<\/a>). EUSIPA ist ein gemeinn\u00fctziger Verein nach belgischem Recht, der 2009 gegr\u00fcndet wurde und dessen Mission es ist, den Interessen der Branche f\u00fcr strukturierte Anlageprodukte bestm\u00f6glich zu dienen.<\/p>\n<p>[\/vc_column_text][vc_empty_space][\/vc_column_inner][vc_column_inner offset=&#8221;vc_col-lg-offset-0 vc_col-lg-4 vc_col-md-offset-0 vc_col-md-12 vc_col-sm-offset-0 vc_col-xs-12&#8243; css=&#8221;.vc_custom_1563277587238{padding-right: 18% !important;}&#8221;][vc_column_text]<\/p>\n<h6>MISSION<\/h6>\n<p>[\/vc_column_text][vc_column_text]Die Mission von LUXSIPA besteht darin, die in Luxemburg ans\u00e4ssige Branche f\u00fcr strukturierte Produkte in einem hochwertigen Segment zu f\u00f6rdern und zu positionieren, das Marktteilnehmer und Beh\u00f6rden bedient. Der Verband ist eng mit der ABBL (<a href=\"https:\/\/www.abbl.lu\" target=\"_blank\" rel=\"noopener\">www.abbl.lu<\/a>) verbunden und wird von der luxemburgischen Finanzindustrie als Kompetenzzentrum f\u00fcr alle Themen rund um strukturierte Produkte anerkannt.<\/p>\n<p class=\"p1\">Im Rahmen dieser Mission sind die Hauptziele von LUXSIPA:<\/p>\n<ul class=\"luxsipa-list\">\n<li>Die Professionalit\u00e4t und Integrit\u00e4t der Stakeholder f\u00f6rdern.<\/li>\n<li>Die Qualit\u00e4t strukturierter Produkte gew\u00e4hrleisten, mit dem Anlegerschutz im Blick.<\/li>\n<li>Die Vorteile strukturierter Produkte f\u00fcr Anleger und Verm\u00f6gensverwalter veranschaulichen.<\/li>\n<li>Die gemeinsamen Interessen seiner Mitglieder f\u00f6rdern, vertreten und verteidigen.<\/li>\n<li>Die Position Luxemburgs in der globalen Wertsch\u00f6pfungskette strukturierter Produkte st\u00e4rken.<\/li>\n<li>Die Transparenz von Transaktionen mit strukturierten Produkten unter Einbeziehung luxemburgischer Marktinfrastrukturen verbessern.<\/li>\n<li>Sich aktiv an der Entwicklung europ\u00e4ischer und nationaler Vorschriften im Interesse des Marktes und aller Akteure auf dem luxemburgischen Markt beteiligen.<\/li>\n<li>Als Informationsquelle f\u00fcr die Branche der strukturierten Produkte dienen.<\/li>\n<li>Mit den Aufsichtsbeh\u00f6rden, anderen Verb\u00e4nden, den Medien sowie anderen nationalen und internationalen Organisationen kommunizieren.<\/li>\n<\/ul>\n<p>[\/vc_column_text][vc_empty_space][\/vc_column_inner][\/vc_row_inner][\/vc_column][\/vc_row]<\/p>\n","protected":false},"excerpt":{"rendered":"<p>[vc_row][vc_column][vc_empty_space][\/vc_column][\/vc_row][vc_row content_placement=&#8221;middle&#8221; content_text_aligment=&#8221;left&#8221; css=&#8221;.vc_custom_1610465214895{margin-right: 5% !important;margin-left: 5% !important;background-image: url(https:\/\/luxsipa.lu\/web\/wp-content\/uploads\/2021\/01\/LUXSIPA-AboutUs-picture-1.jpg?id=3596) !important;background-position: center !important;background-repeat: no-repeat !important;background-size: cover !important;}&#8221;][vc_column][vc_empty_space][\/vc_column][\/vc_row][vc_row row_background_corner=&#8221;bottom-left&#8221; css=&#8221;.vc_custom_1610456877458{padding-top: 95px !important;padding-bottom: 95px !important;}&#8221;][vc_column][vc_row_inner row_content_width=&#8221;grid&#8221; css=&#8221;.vc_custom_1562665426257{padding-bottom: 75px !important;}&#8221;][vc_column_inner offset=&#8221;vc_col-lg-offset-0 vc_col-lg-4 vc_col-md-offset-0 vc_col-md-12 vc_col-sm-offset-0 vc_col-xs-12&#8243; css=&#8221;.vc_custom_1563277572879{padding-right: 18% !important;}&#8221;][vc_empty_space][\/vc_column_inner][vc_column_inner offset=&#8221;vc_col-lg-offset-0 vc_col-lg-4 vc_col-md-offset-0 vc_col-md-12 vc_col-sm-offset-0 vc_col-xs-12&#8243; css=&#8221;.vc_custom_1563277579399{padding-right: 18% !important;}&#8221;][vc_empty_space][\/vc_column_inner][vc_column_inner offset=&#8221;vc_col-lg-offset-0 vc_col-lg-4 vc_col-md-offset-0 vc_col-md-12 vc_col-sm-offset-0 vc_col-xs-12&#8243; css=&#8221;.vc_custom_1563277587238{padding-right: 18% !important;}&#8221;][vc_empty_space][\/vc_column_inner][\/vc_row_inner][vc_row_inner row_content_width=&#8221;grid&#8221;][vc_column_inner offset=&#8221;vc_col-lg-offset-0 vc_col-lg-7 vc_col-md-offset-0 vc_col-md-12 vc_col-sm-offset-0 vc_col-xs-12&#8243;][\/vc_column_inner][vc_column_inner offset=&#8221;vc_col-lg-offset-0 vc_col-lg-5 vc_col-md-offset-0 vc_col-md-12 vc_col-sm-offset-0 vc_col-xs-12&#8243;][\/vc_column_inner][\/vc_row_inner][vc_row_inner row_content_width=&#8221;grid&#8221; css=&#8221;.vc_custom_1562665426257{padding-bottom: 75px !important;}&#8221;][vc_column_inner offset=&#8221;vc_col-lg-offset-0 vc_col-lg-4 vc_col-md-offset-0 vc_col-md-12 vc_col-sm-offset-0 vc_col-xs-12&#8243; css=&#8221;.vc_custom_1610465329813{padding-right: 18% !important;}&#8221;][vc_empty_space][\/vc_column_inner][\/vc_row_inner][vc_row_inner row_content_width=&#8221;grid&#8221; css=&#8221;.vc_custom_1562665426257{padding-bottom: 75px !important;}&#8221;][vc_column_inner offset=&#8221;vc_col-lg-offset-0 vc_col-lg-4 vc_col-md-offset-0 vc_col-md-12 vc_col-sm-offset-0 vc_col-xs-12&#8243; css=&#8221;.vc_custom_1563277572879{padding-right: 18% !important;}&#8221;][vc_column_text] LUXSIPA [\/vc_column_text][vc_wp_custommenu title=&#8221;KATEGORIEN&#8221; nav_menu=&#8221;73&#8243;][\/vc_column_inner][vc_column_inner offset=&#8221;vc_col-lg-offset-0 vc_col-lg-4 vc_col-md-offset-0 vc_col-md-12 vc_col-sm-offset-0 vc_col-xs-12&#8243; css=&#8221;.vc_custom_1563277579399{padding-right: 18% !important;}&#8221;][vc_column_text]LUXSIPA ist in keiner Weise dazu bestimmt, die pers\u00f6nlichen Interessen seiner Mitglieder oder der von ihm vertretenen K\u00f6rperschaften zu verteidigen.[\/vc_column_text][vc_column_text] BESCHREIBUNG [\/vc_column_text][vc_column_text] Strukturierte Produkte haben sich in den letzten Jahren zu einer etablierten Anlageklasse f\u00fcr professionelle und private Anleger entwickelt. Ziel des Verbands ist die F\u00f6rderung des Gesamtimages strukturierter Produkte und des Finanzplatzes Luxemburg insgesamt. Die Luxembourg Structured Investment Products Association (LUXSIPA) wurde im Juli 2019 gegr\u00fcndet, um die gemeinsamen Interessen der aktivsten Mitglieder der Branche f\u00fcr strukturierte Produkte auf dem luxemburgischen Markt zu vertreten. Sie vereint die aktivsten Akteure im Bereich strukturierter Produkte, vom Emittenten bis zum K\u00e4ufer, sowie die h\u00e4ufigsten Partner wie B\u00f6rsen oder Berater. Um seinen Einfluss sicherzustellen, strebt der Verband danach, sich als zentraler, fokussierter und objektiver Gespr\u00e4chspartner f\u00fcr alle Fragen rund um strukturierte Produkte in Luxemburg zu positionieren. Entsprechende Vereinigungen wurden bereits in anderen europ\u00e4ischen L\u00e4ndern gegr\u00fcndet und alle sind Mitglieder [&hellip;]<\/p>\n","protected":false},"author":1,"featured_media":6070,"parent":0,"menu_order":0,"comment_status":"closed","ping_status":"closed","template":"full-width.php","meta":{"footnotes":""},"class_list":["post-6088","page","type-page","status-publish","has-post-thumbnail","hentry"],"_links":{"self":[{"href":"https:\/\/luxsipa.lu\/web\/de\/wp-json\/wp\/v2\/pages\/6088","targetHints":{"allow":["GET"]}}],"collection":[{"href":"https:\/\/luxsipa.lu\/web\/de\/wp-json\/wp\/v2\/pages"}],"about":[{"href":"https:\/\/luxsipa.lu\/web\/de\/wp-json\/wp\/v2\/types\/page"}],"author":[{"embeddable":true,"href":"https:\/\/luxsipa.lu\/web\/de\/wp-json\/wp\/v2\/users\/1"}],"replies":[{"embeddable":true,"href":"https:\/\/luxsipa.lu\/web\/de\/wp-json\/wp\/v2\/comments?post=6088"}],"version-history":[{"count":8,"href":"https:\/\/luxsipa.lu\/web\/de\/wp-json\/wp\/v2\/pages\/6088\/revisions"}],"predecessor-version":[{"id":6291,"href":"https:\/\/luxsipa.lu\/web\/de\/wp-json\/wp\/v2\/pages\/6088\/revisions\/6291"}],"wp:featuredmedia":[{"embeddable":true,"href":"https:\/\/luxsipa.lu\/web\/de\/wp-json\/wp\/v2\/media\/6070"}],"wp:attachment":[{"href":"https:\/\/luxsipa.lu\/web\/de\/wp-json\/wp\/v2\/media?parent=6088"}],"curies":[{"name":"wp","href":"https:\/\/api.w.org\/{rel}","templated":true}]}}