{"id":6172,"date":"2021-01-21T15:08:15","date_gmt":"2021-01-21T14:08:15","guid":{"rendered":"http:\/\/pre.luxsipa.lu\/web\/mention-legale\/"},"modified":"2022-04-05T20:35:07","modified_gmt":"2022-04-05T18:35:07","slug":"impressum","status":"publish","type":"page","link":"https:\/\/luxsipa.lu\/web\/de\/impressum\/","title":{"rendered":"Impressum"},"content":{"rendered":"<p>[vc_row][vc_column][vc_empty_space][\/vc_column][\/vc_row][vc_row content_placement=&#8221;middle&#8221; content_text_aligment=&#8221;left&#8221; css=&#8221;.vc_custom_1619171437957{margin-right: 5% !important;margin-left: 5% !important;background-image: url(https:\/\/luxsipa.lu\/web\/wp-content\/uploads\/2021\/04\/LUXSIPA-Legal-picture-4.jpg?id=4554) !important;background-position: center !important;background-repeat: no-repeat !important;background-size: cover !important;}&#8221;][vc_column]<div class=\"qodef-elements-holder   qodef-one-column  qodef-responsive-mode-768  \" ><div class=\"qodef-eh-item    \"  data-item-class=\"qodef-eh-custom-9719\" data-1441-1700=\"100px 50% 30px 5%\" data-1367-1440=\"100px 50% 30px 5%\" data-1025-1366=\"180px 32% 33px 5.5%\" data-769-1024=\"180px 25% 30px 5.2%\" data-681-768=\"150px 25% 0px 2.5%\" data-680=\"80px 9% 0px 5.5%\">\n\t<div class=\"qodef-eh-item-inner\">\n\t\t<div class=\"qodef-eh-item-content qodef-eh-custom-9719\" style=\"padding: 100px 50% 30px 5%\">\n\t\t\t[vc_column_text el_class=&#8221;about-us-block-0&#8243;]Wir dienen jedem interessierten Marktteilnehmer als Informationsquelle \u00fcber die Branche der strukturierten Produkte.[\/vc_column_text]\t\t<\/div>\n\t<\/div>\n<\/div><\/div>[vc_empty_space][\/vc_column][\/vc_row][vc_row content_placement=&#8221;top&#8221; row_content_width=&#8221;grid&#8221; css=&#8221;.vc_custom_1619173249219{padding-top: 50px !important;padding-bottom: 185px !important;}&#8221; el_class=&#8221;contact-block-1&#8243;][vc_column offset=&#8221;vc_col-lg-offset-0 vc_col-lg-6 vc_col-md-offset-0 vc_col-md-12 vc_col-sm-offset-0&#8243;][vc_column_text]Der Zweck dieser Website ist die Pr\u00e4sentation von LUXSIPA. Es sollte nicht als Niederlassung oder gar als tats\u00e4chliche Erbringung von Dienstleistungen au\u00dferhalb des Gro\u00dfherzogtums Luxemburg betrachtet werden. Die auf dieser Website angebotenen Informationen, ob allgemeiner Art (z. B. Marktinformationen) oder spezifischer Art (z. B. Anlageprodukte), dienen ausschlie\u00dflich zu Informationszwecken. Diese Informationen werden ohne Verpflichtung hinsichtlich ihrer Vollst\u00e4ndigkeit, Genauigkeit und Aktualit\u00e4t ver\u00f6ffentlicht. Sie stellen in keiner Weise ein Angebot oder eine Aufforderung zum Kauf oder Verkauf von Finanzinstrumenten dar. Sie ersetzen keine Rechts-, Buchhaltungs- oder Steuerberatung und gelten nur f\u00fcr den Zeitpunkt ihrer Angabe. Sie sind nicht dazu bestimmt, die Kenntnisse und F\u00e4higkeiten des Benutzers zu ersetzen. Sie sollten daher zusammen mit dem Rat eines qualifizierten Fachmanns verwendet werden. Die Informationen k\u00f6nnen von externen Dienstleistern stammen. LUXSIPA kann vom Benutzer dieser Informationen und deren direkten und indirekten Folgen nicht haftbar gemacht werden.<\/p>\n<p>Diese Website ist ausschlie\u00dfliches Eigentum von LUXSIPA. Diese Website ist durch luxemburgische Gesetze zum Schutz geistigen Eigentums gesch\u00fctzt. Daher darf die Website unter keinen Umst\u00e4nden und ohne die vorherige Genehmigung von LUXSIPA vollst\u00e4ndig oder teilweise vervielf\u00e4ltigt, zur Verf\u00fcgung gestellt oder anders als in der von LUXSIPA genehmigten Weise und f\u00fcr die von LUXSIPA genehmigten Zwecke verwendet werden.[\/vc_column_text][\/vc_column][vc_column offset=&#8221;vc_col-lg-offset-0 vc_col-lg-6 vc_col-md-offset-0 vc_col-md-12 vc_col-sm-offset-0&#8243;][vc_column_text]Benutzer dieser Website sollten \u00e4u\u00dferst vorsichtig mit E-Mails umgehen, die sie m\u00f6glicherweise von Dritten erhalten, die behaupten, Teil von LUXSIPA zu sein, und die beispielsweise Hypertext-Links oder Aufforderungen zur Offenlegung von Zugangscodes enthalten k\u00f6nnen. LUXSIPA haftet nicht f\u00fcr Sch\u00e4den, die den Benutzern in diesem Zusammenhang entstehen.<\/p>\n<p>Die Benutzer dieser Website akzeptieren, dass jede Nutzung dieser Website auf eigene Verantwortung erfolgt. LUXSIPA kann nicht f\u00fcr direkte oder indirekte Sch\u00e4den haftbar gemacht werden, die durch die Nutzung dieser Website oder im Zusammenhang mit der Unterbrechung, Schlie\u00dfung oder Fehlfunktion dieser Website, dem Herunterfahren zwecks Wartung oder Reparatur des Informationssystems von LUXSIPA, technischen Ausf\u00e4llen oder Netzwerk\u00fcberlastungen verursacht werden k\u00f6nnen.[\/vc_column_text][\/vc_column][\/vc_row]<\/p>\n","protected":false},"excerpt":{"rendered":"<p>[vc_row][vc_column][vc_empty_space][\/vc_column][\/vc_row][vc_row content_placement=&#8221;middle&#8221; content_text_aligment=&#8221;left&#8221; css=&#8221;.vc_custom_1619171437957{margin-right: 5% !important;margin-left: 5% !important;background-image: url(https:\/\/luxsipa.lu\/web\/wp-content\/uploads\/2021\/04\/LUXSIPA-Legal-picture-4.jpg?id=4554) !important;background-position: center !important;background-repeat: no-repeat !important;background-size: cover !important;}&#8221;][vc_column][vc_empty_space][\/vc_column][\/vc_row][vc_row content_placement=&#8221;top&#8221; row_content_width=&#8221;grid&#8221; css=&#8221;.vc_custom_1619173249219{padding-top: 50px !important;padding-bottom: 185px !important;}&#8221; el_class=&#8221;contact-block-1&#8243;][vc_column offset=&#8221;vc_col-lg-offset-0 vc_col-lg-6 vc_col-md-offset-0 vc_col-md-12 vc_col-sm-offset-0&#8243;][vc_column_text]Der Zweck dieser Website ist die Pr\u00e4sentation von LUXSIPA. Es sollte nicht als Niederlassung oder gar als tats\u00e4chliche Erbringung von Dienstleistungen au\u00dferhalb des Gro\u00dfherzogtums Luxemburg betrachtet werden. Die auf dieser Website angebotenen Informationen, ob allgemeiner Art (z. B. Marktinformationen) oder spezifischer Art (z. B. Anlageprodukte), dienen ausschlie\u00dflich zu Informationszwecken. Diese Informationen werden ohne Verpflichtung hinsichtlich ihrer Vollst\u00e4ndigkeit, Genauigkeit und Aktualit\u00e4t ver\u00f6ffentlicht. Sie stellen in keiner Weise ein Angebot oder eine Aufforderung zum Kauf oder Verkauf von Finanzinstrumenten dar. Sie ersetzen keine Rechts-, Buchhaltungs- oder Steuerberatung und gelten nur f\u00fcr den Zeitpunkt ihrer Angabe. Sie sind nicht dazu bestimmt, die Kenntnisse und F\u00e4higkeiten des Benutzers zu ersetzen. Sie sollten daher zusammen mit dem Rat eines qualifizierten Fachmanns verwendet werden. Die Informationen k\u00f6nnen von externen Dienstleistern stammen. LUXSIPA kann vom Benutzer dieser Informationen und deren direkten und indirekten Folgen nicht haftbar gemacht werden. Diese Website ist ausschlie\u00dfliches Eigentum von LUXSIPA. Diese Website ist durch luxemburgische Gesetze zum Schutz geistigen Eigentums gesch\u00fctzt. Daher darf die Website unter keinen Umst\u00e4nden und ohne die vorherige Genehmigung von LUXSIPA vollst\u00e4ndig oder teilweise vervielf\u00e4ltigt, zur Verf\u00fcgung gestellt oder anders als in der von LUXSIPA genehmigten Weise und f\u00fcr die von LUXSIPA genehmigten Zwecke verwendet werden.[\/vc_column_text][\/vc_column][vc_column offset=&#8221;vc_col-lg-offset-0 vc_col-lg-6 vc_col-md-offset-0 vc_col-md-12 vc_col-sm-offset-0&#8243;][vc_column_text]Benutzer dieser Website sollten \u00e4u\u00dferst vorsichtig mit E-Mails umgehen, die sie m\u00f6glicherweise von Dritten erhalten, die behaupten, Teil von LUXSIPA [&hellip;]<\/p>\n","protected":false},"author":1,"featured_media":0,"parent":0,"menu_order":0,"comment_status":"closed","ping_status":"closed","template":"full-width.php","meta":{"footnotes":""},"class_list":["post-6172","page","type-page","status-publish","hentry"],"_links":{"self":[{"href":"https:\/\/luxsipa.lu\/web\/de\/wp-json\/wp\/v2\/pages\/6172","targetHints":{"allow":["GET"]}}],"collection":[{"href":"https:\/\/luxsipa.lu\/web\/de\/wp-json\/wp\/v2\/pages"}],"about":[{"href":"https:\/\/luxsipa.lu\/web\/de\/wp-json\/wp\/v2\/types\/page"}],"author":[{"embeddable":true,"href":"https:\/\/luxsipa.lu\/web\/de\/wp-json\/wp\/v2\/users\/1"}],"replies":[{"embeddable":true,"href":"https:\/\/luxsipa.lu\/web\/de\/wp-json\/wp\/v2\/comments?post=6172"}],"version-history":[{"count":6,"href":"https:\/\/luxsipa.lu\/web\/de\/wp-json\/wp\/v2\/pages\/6172\/revisions"}],"predecessor-version":[{"id":6268,"href":"https:\/\/luxsipa.lu\/web\/de\/wp-json\/wp\/v2\/pages\/6172\/revisions\/6268"}],"wp:attachment":[{"href":"https:\/\/luxsipa.lu\/web\/de\/wp-json\/wp\/v2\/media?parent=6172"}],"curies":[{"name":"wp","href":"https:\/\/api.w.org\/{rel}","templated":true}]}}