{"id":4260,"date":"2021-03-31T09:32:37","date_gmt":"2021-03-31T07:32:37","guid":{"rendered":"https:\/\/luxsipa.lu\/web\/?page_id=4260"},"modified":"2021-05-05T21:15:49","modified_gmt":"2021-05-05T19:15:49","slug":"l-association","status":"publish","type":"page","link":"https:\/\/luxsipa.lu\/web\/fr\/l-association\/","title":{"rendered":"L\u2019association"},"content":{"rendered":"<p>[vc_row][vc_column][vc_empty_space][\/vc_column][\/vc_row][vc_row content_placement=&#8221;middle&#8221; content_text_aligment=&#8221;left&#8221; css=&#8221;.vc_custom_1619171928423{margin-right: 5% !important;margin-left: 5% !important;background-image: url(https:\/\/luxsipa.lu\/web\/wp-content\/uploads\/2021\/04\/LUXSIPA-AboutUs-picture.jpg?id=4559) !important;background-position: center !important;background-repeat: no-repeat !important;background-size: cover !important;}&#8221;][vc_column]<div class=\"qodef-elements-holder   qodef-one-column  qodef-responsive-mode-768  \" ><div class=\"qodef-eh-item    \"  data-item-class=\"qodef-eh-custom-6242\" data-1441-1700=\"100px 50% 30px 5%\" data-1367-1440=\"100px 50% 30px 5%\" data-1025-1366=\"180px 32% 33px 5.5%\" data-769-1024=\"180px 25% 30px 5.2%\" data-681-768=\"150px 25% 0px 2.5%\" data-680=\"80px 9% 0px 5.5%\">\n\t<div class=\"qodef-eh-item-inner\">\n\t\t<div class=\"qodef-eh-item-content qodef-eh-custom-6242\" style=\"padding: 100px 50% 30px 5%\">\n\t\t\t[vc_column_text el_class=&#8221;about-us-block-0&#8243;]Les produits structur\u00e9s sont devenus au cours des derni\u00e8res ann\u00e9es une classe d&#8217;actifs bien \u00e9tablie pour les investisseurs professionnels et particuliers.[\/vc_column_text]\t\t<\/div>\n\t<\/div>\n<\/div><\/div>[vc_empty_space][\/vc_column][\/vc_row][vc_row row_background_corner=&#8221;bottom-left&#8221; css=&#8221;.vc_custom_1610456877458{padding-top: 95px !important;padding-bottom: 95px !important;}&#8221;][vc_column][vc_row_inner row_content_width=&#8221;grid&#8221; css=&#8221;.vc_custom_1562665426257{padding-bottom: 75px !important;}&#8221;][vc_column_inner offset=&#8221;vc_col-lg-offset-0 vc_col-lg-4 vc_col-md-offset-0 vc_col-md-12 vc_col-sm-offset-0 vc_col-xs-12&#8243; css=&#8221;.vc_custom_1563277572879{padding-right: 18% !important;}&#8221;]<div class=\"qodef-numbered-section-holder  qodef-ns-back-title-exist\">\n\t\t\t<span class=\"qodef-ns-back-title\" style=\"color: #ece9e5\">\n\t\t\t\t01\t\t\t<\/span>\n\t\t<div class=\"qodef-ns-inner\">\n\t\t\t\t\t<h4 class=\"qodef-ns-title\" >\n\t\t\t\tNOUS PROMOUVONS LES PRODUITS STRUCTUR\u00c9S.\t\t\t<\/h4>\n\t\t\n        <div class=\"qodef-separator-holder clearfix  qodef-separator-left \">\n\t<div class=\"qodef-separator\" style=\"width: 40px;border-bottom-width: 1px\"><\/div>\n<\/div>\n\n\t\t\t\t\t<p class=\"qodef-ns-text\" >\n\t\t\t\tL\u2019objectif de l\u2019Association est de promouvoir l\u2019image globale des produits structur\u00e9s et de celle de la place financi\u00e8re luxembourgeoise dans son ensemble.\t\t\t<\/p>\n\t\t\t<\/div>\n<\/div>[vc_empty_space][\/vc_column_inner][vc_column_inner offset=&#8221;vc_col-lg-offset-0 vc_col-lg-4 vc_col-md-offset-0 vc_col-md-12 vc_col-sm-offset-0 vc_col-xs-12&#8243; css=&#8221;.vc_custom_1563277579399{padding-right: 18% !important;}&#8221;]<div class=\"qodef-numbered-section-holder  qodef-ns-back-title-exist\">\n\t\t\t<span class=\"qodef-ns-back-title\" style=\"color: #ece9e5\">\n\t\t\t\t02\t\t\t<\/span>\n\t\t<div class=\"qodef-ns-inner\">\n\t\t\t\t\t<h4 class=\"qodef-ns-title\" >\n\t\t\t\tNOUS ASSURONS UNE INFLUENCE PERMANENTE.\t\t\t<\/h4>\n\t\t\n        <div class=\"qodef-separator-holder clearfix  qodef-separator-left \">\n\t<div class=\"qodef-separator\" style=\"width: 40px;border-bottom-width: 1px\"><\/div>\n<\/div>\n\n\t\t\t\t\t<p class=\"qodef-ns-text\" >\n\t\t\t\tNous nous effor\u00e7ons de positionner l\u2019Association comme le premier, le plus juste et le meilleur point de contact pour toute question relative aux produits structur\u00e9s au Luxembourg.\t\t\t<\/p>\n\t\t\t<\/div>\n<\/div>[vc_empty_space][\/vc_column_inner][vc_column_inner offset=&#8221;vc_col-lg-offset-0 vc_col-lg-4 vc_col-md-offset-0 vc_col-md-12 vc_col-sm-offset-0 vc_col-xs-12&#8243; css=&#8221;.vc_custom_1563277587238{padding-right: 18% !important;}&#8221;]<div class=\"qodef-numbered-section-holder  qodef-ns-back-title-exist\">\n\t\t\t<span class=\"qodef-ns-back-title\" style=\"color: #ece9e5\">\n\t\t\t\t03\t\t\t<\/span>\n\t\t<div class=\"qodef-ns-inner\">\n\t\t\t\t\t<h4 class=\"qodef-ns-title\" >\n\t\t\t\tNOUS RENFOR\u00c7ONS L\u2019INDUSTRIE DES PRODUITS STRUCTUR\u00c9S.\t\t\t<\/h4>\n\t\t\n        <div class=\"qodef-separator-holder clearfix  qodef-separator-left \">\n\t<div class=\"qodef-separator\" style=\"width: 40px;border-bottom-width: 1px\"><\/div>\n<\/div>\n\n\t\t\t\t\t<p class=\"qodef-ns-text\" >\n\t\t\t\tNotre mission est de renforcer l\u2019industrie des produits structur\u00e9s bas\u00e9e au Luxembourg en tant que segment de haute qualit\u00e9 au service des acteurs du march\u00e9 et des autorit\u00e9s publiques.\t\t\t<\/p>\n\t\t\t<\/div>\n<\/div>[vc_empty_space][\/vc_column_inner][\/vc_row_inner][vc_row_inner row_content_width=&#8221;grid&#8221;][vc_column_inner offset=&#8221;vc_col-lg-offset-0 vc_col-lg-7 vc_col-md-offset-0 vc_col-md-12 vc_col-sm-offset-0 vc_col-xs-12&#8243;]<div class=\"qodef-elements-holder   qodef-one-column  qodef-responsive-mode-768  \" ><div class=\"qodef-eh-item    \"  data-item-class=\"qodef-eh-custom-6849\">\n\t<div class=\"qodef-eh-item-inner\">\n\t\t<div class=\"qodef-eh-item-content qodef-eh-custom-6849\" style=\"padding: 0px 30px 0px 0px\">\n\t\t\t<div class=\"qodef-single-image-holder   \">\n    <div class=\"qodef-si-inner\" >\n                                    <img loading=\"lazy\" decoding=\"async\" width=\"1119\" height=\"700\" src=\"https:\/\/luxsipa.lu\/web\/wp-content\/uploads\/2021\/01\/LUXSIPA-AboutUs-picture-2.jpg\" class=\"attachment-full size-full\" alt=\"\" srcset=\"https:\/\/luxsipa.lu\/web\/wp-content\/uploads\/2021\/01\/LUXSIPA-AboutUs-picture-2.jpg 1119w, https:\/\/luxsipa.lu\/web\/wp-content\/uploads\/2021\/01\/LUXSIPA-AboutUs-picture-2-300x188.jpg 300w, https:\/\/luxsipa.lu\/web\/wp-content\/uploads\/2021\/01\/LUXSIPA-AboutUs-picture-2-1024x641.jpg 1024w, https:\/\/luxsipa.lu\/web\/wp-content\/uploads\/2021\/01\/LUXSIPA-AboutUs-picture-2-768x480.jpg 768w\" sizes=\"auto, (max-width: 1119px) 100vw, 1119px\" \/>                        <\/div>\n<\/div>\t\t<\/div>\n\t<\/div>\n<\/div><\/div>[\/vc_column_inner][vc_column_inner offset=&#8221;vc_col-lg-offset-0 vc_col-lg-5 vc_col-md-offset-0 vc_col-md-12 vc_col-sm-offset-0 vc_col-xs-12&#8243;]<div class=\"qodef-elements-holder   qodef-one-column  qodef-responsive-mode-768  \" ><div class=\"qodef-eh-item    \"  data-item-class=\"qodef-eh-custom-9084\" data-1441-1700=\"97px 109px 0px 19px\" data-1367-1440=\"53px 42px 0px 0px\" data-1025-1366=\"78px 42px 0px 0px\" data-769-1024=\"60px 252px 0px 0px\" data-681-768=\"60px 130px 0px 0px\" data-680=\"60px 36px 0px 0px\">\n\t<div class=\"qodef-eh-item-inner\">\n\t\t<div class=\"qodef-eh-item-content qodef-eh-custom-9084\" style=\"padding: 105px 107px 0px 19px\">\n\t\t\t<div class=\"qodef-section-title-holder  \" >\n\t<div class=\"qodef-st-inner\">\n\t\t\t\t\t<h1 class=\"qodef-st-title\" >\n\t\t\t\tEUSIPA\t\t\t<\/h1>\n\t\t\n\t\t\n\t\t<div class=\"qodef-separator-holder clearfix   \">\n\t<div class=\"qodef-separator\" style=\"width: 40px;border-bottom-width: 1px\"><\/div>\n<\/div>\n\n\t\t\t\t\t<p class=\"qodef-st-text\" >\n\t\t\t\tDes associations \u00e9quivalentes ont d\u00e9j\u00e0 \u00e9t\u00e9 cr\u00e9\u00e9es dans d'autres pays europ\u00e9ens et toutes sont membres de l'Association europ\u00e9enne des produits d'investissement structur\u00e9s.\t\t\t<\/p>\n\t\t\t\t\t\t\t<div class=\"qodef-st-button\"><a itemprop=\"url\" href=\"https:\/\/www.eusipa.org\" target=\"_blank\"  class=\"qodef-btn qodef-btn-medium qodef-btn-outline\"  >\t\t<span class=\"qodef-btn-svg\">\t\t<svg x=\"0px\" y=\"0px\" viewBox=\"0 0 5.5 10.1\" enable-background=\"new 0 0 5.5 10.1\" >\t\t\t\t<path fill=\"#BBBBBB\" d=\"M1.3,5.5L1.2,5.2C2.1,4.5,2.7,4.1,3,3.9c0.3-0.2,0.6-0.2,0.7-0.2c0.1,0,0.2,0,0.3,0.1S4.1,4,4.1,4.2\t\t\t\t\tc0,0.3-0.1,0.8-0.4,1.7L3.5,6.5c-0.3,1-0.4,1.6-0.4,1.9c0,0.1,0.1,0.2,0.2,0.2c0.1,0,0.4-0.2,1-0.6l0.2,0.3L3.2,9.1\t\t\t\t\tC2.8,9.3,2.6,9.4,2.4,9.5c-0.1,0-0.2,0.1-0.3,0.1c-0.1,0-0.3,0-0.3-0.1C1.7,9.3,1.7,9.2,1.7,8.9c0-0.3,0.1-0.7,0.2-1.1l0.4-1.4\t\t\t\t\tC2.4,5.7,2.5,5.3,2.5,5c0-0.1,0-0.2-0.1-0.2c-0.1,0-0.2,0-0.3,0.1C1.8,5.1,1.5,5.3,1.3,5.5z M3.2,2c0-0.3,0.1-0.5,0.2-0.7\t\t\t\t\tS3.8,1,4,1c0.2,0,0.3,0.1,0.5,0.2s0.2,0.3,0.2,0.5c0,0.3-0.1,0.5-0.2,0.7C4.3,2.5,4.1,2.6,3.8,2.6c-0.2,0-0.4-0.1-0.5-0.2\t\t\t\t\tC3.2,2.3,3.2,2.1,3.2,2z\"\/>\t\t<\/svg>\t<\/span>\t<span class=\"qodef-btn-text\">www.eusipa.org<\/span><\/a><\/div>\n\t\t\t<\/div>\n<\/div>\t\t<\/div>\n\t<\/div>\n<\/div><\/div>[\/vc_column_inner][\/vc_row_inner][vc_row_inner row_content_width=&#8221;grid&#8221; css=&#8221;.vc_custom_1562665426257{padding-bottom: 75px !important;}&#8221;][vc_column_inner offset=&#8221;vc_col-lg-offset-0 vc_col-lg-4 vc_col-md-offset-0 vc_col-md-12 vc_col-sm-offset-0 vc_col-xs-12&#8243; css=&#8221;.vc_custom_1610465329813{padding-right: 18% !important;}&#8221;][vc_empty_space][\/vc_column_inner][\/vc_row_inner][vc_row_inner row_content_width=&#8221;grid&#8221; css=&#8221;.vc_custom_1562665426257{padding-bottom: 75px !important;}&#8221;][vc_column_inner offset=&#8221;vc_col-lg-offset-0 vc_col-lg-4 vc_col-md-offset-0 vc_col-md-12 vc_col-sm-offset-0 vc_col-xs-12&#8243; css=&#8221;.vc_custom_1563277572879{padding-right: 18% !important;}&#8221;][vc_column_text]<\/p>\n<h4>LUXSIPA<\/h4>\n<p>[\/vc_column_text]<div class=\"qodef-separator-holder clearfix  qodef-separator-left \">\n\t<div class=\"qodef-separator\" style=\"border-color: #000000;width: 40px;border-bottom-width: 1px\"><\/div>\n<\/div>\n[vc_wp_custommenu title=&#8221;CAT\u00c9GORIES&#8221; nav_menu=&#8221;48&#8243;][\/vc_column_inner][vc_column_inner offset=&#8221;vc_col-lg-offset-0 vc_col-lg-4 vc_col-md-offset-0 vc_col-md-12 vc_col-sm-offset-0 vc_col-xs-12&#8243; css=&#8221;.vc_custom_1563277579399{padding-right: 18% !important;}&#8221;][vc_column_text]<strong>LUXSIPA n&#8217;a en aucun cas vocation \u00e0 d\u00e9fendre les int\u00e9r\u00eats personnels de ses membres ou des entit\u00e9s qu&#8217;elle repr\u00e9sente.<\/strong>[\/vc_column_text][vc_column_text]<\/p>\n<h6>DESCRIPTION<\/h6>\n<p>[\/vc_column_text][vc_column_text]Les produits structur\u00e9s sont devenus au cours des derni\u00e8res ann\u00e9es une classe d&#8217;actifs bien \u00e9tablie pour les investisseurs professionnels et particuliers. L&#8217;objectif de l&#8217;Association est de promouvoir l&#8217;image globale des produits structur\u00e9s et de celle de la place financi\u00e8re luxembourgeoise dans son ensemble.<\/p>\n<p>L\u2019association Luxembourg Structured Investment Products (LUXSIPA) a \u00e9t\u00e9 cr\u00e9\u00e9e en juillet 2019 pour repr\u00e9senter les int\u00e9r\u00eats communs des membres les plus actifs de l&#8217;industrie des produits structur\u00e9s sur le march\u00e9 luxembourgeois. Elle rassemble les acteurs les plus actifs dans le domaine des produits structur\u00e9s, des \u00e9metteurs aux acheteurs, ainsi que les partenaires les plus fr\u00e9quents, tels que les bourses ou les consultants. Pour assurer son influence, l&#8217;Association s&#8217;efforce de se positionner comme un interlocuteur central, pointu et objectif pour toute question relative aux produits structur\u00e9s au Luxembourg.<\/p>\n<p>Des associations \u00e9quivalentes ont d\u00e9j\u00e0 \u00e9t\u00e9 cr\u00e9\u00e9es dans d&#8217;autres pays europ\u00e9ens et toutes sont membres de l&#8217;Association europ\u00e9enne des produits d&#8217;investissement structur\u00e9s (EUSIPA <a href=\"http:\/\/www.eusipa.org\" target=\"_blank\" rel=\"noopener\">www.eusipa.org<\/a>). EUSIPA est une association sans but lucratif de droit belge fond\u00e9e en 2009 et dont la mission est de servir au mieux les int\u00e9r\u00eats de l&#8217;industrie des produits d&#8217;investissement structur\u00e9s.[\/vc_column_text][vc_empty_space][\/vc_column_inner][vc_column_inner offset=&#8221;vc_col-lg-offset-0 vc_col-lg-4 vc_col-md-offset-0 vc_col-md-12 vc_col-sm-offset-0 vc_col-xs-12&#8243; css=&#8221;.vc_custom_1563277587238{padding-right: 18% !important;}&#8221;][vc_column_text]<\/p>\n<h6>MISSION<\/h6>\n<p>[\/vc_column_text][vc_column_text]La mission de LUXSIPA est de promouvoir et de positionner l&#8217;industrie des produits structur\u00e9s bas\u00e9e au Luxembourg en segment de haute qualit\u00e9 au service des acteurs du march\u00e9 et des autorit\u00e9s publiques. L&#8217;Association dispose de liens forts avec l&#8217;ABBL (<a href=\"https:\/\/www.abbl.lu\" target=\"_blank\" rel=\"noopener\">www.abbl.lu<\/a>) et est reconnue par l&#8217;industrie financi\u00e8re luxembourgeoise comme un centre de comp\u00e9tence pour tout sujet relatif aux produits structur\u00e9s.<\/p>\n<p>Dans le cadre de cette mission, les principaux objectifs de LUXSIPA sont de :<\/p>\n<ul class=\"luxsipa-list\">\n<li>Promouvoir le professionnalisme et l&#8217;int\u00e9grit\u00e9 des intervenants.<\/li>\n<li>Rechercher la qualit\u00e9 des produits structur\u00e9s et la protection des investisseurs.<\/li>\n<li>Illustrer les avantages des produits structur\u00e9s pour les investisseurs et les gestionnaires de patrimoine.<\/li>\n<li>Promouvoir, repr\u00e9senter et d\u00e9fendre les int\u00e9r\u00eats communs de ses membres.<\/li>\n<li>Renforcer la place luxembourgeoise dans la cha\u00eene de valeur mondiale des produits structur\u00e9s.<\/li>\n<li>Am\u00e9liorer la transparence des transactions sur produits structur\u00e9s impliquant les infrastructures de march\u00e9 luxembourgeoises.<\/li>\n<li>Participer activement \u00e0 l&#8217;\u00e9laboration des r\u00e8gles europ\u00e9ennes et nationales dans l&#8217;int\u00e9r\u00eat du march\u00e9 et de tous les acteurs du march\u00e9 luxembourgeois.<\/li>\n<li>\u00catre une source d&#8217;information sur l&#8217;industrie des produits structur\u00e9s.<\/li>\n<li>Communiquer avec les r\u00e9gulateurs, les autres associations, les m\u00e9dias, ainsi que toute autre organisation nationale et internationale.<\/li>\n<\/ul>\n<p>[\/vc_column_text][vc_empty_space][\/vc_column_inner][\/vc_row_inner][\/vc_column][\/vc_row]<\/p>\n","protected":false},"excerpt":{"rendered":"<p>[vc_row][vc_column][vc_empty_space][\/vc_column][\/vc_row][vc_row content_placement=&#8221;middle&#8221; content_text_aligment=&#8221;left&#8221; css=&#8221;.vc_custom_1619171928423{margin-right: 5% !important;margin-left: 5% !important;background-image: url(https:\/\/luxsipa.lu\/web\/wp-content\/uploads\/2021\/04\/LUXSIPA-AboutUs-picture.jpg?id=4559) !important;background-position: center !important;background-repeat: no-repeat !important;background-size: cover !important;}&#8221;][vc_column][vc_empty_space][\/vc_column][\/vc_row][vc_row row_background_corner=&#8221;bottom-left&#8221; css=&#8221;.vc_custom_1610456877458{padding-top: 95px !important;padding-bottom: 95px !important;}&#8221;][vc_column][vc_row_inner row_content_width=&#8221;grid&#8221; css=&#8221;.vc_custom_1562665426257{padding-bottom: 75px !important;}&#8221;][vc_column_inner offset=&#8221;vc_col-lg-offset-0 vc_col-lg-4 vc_col-md-offset-0 vc_col-md-12 vc_col-sm-offset-0 vc_col-xs-12&#8243; css=&#8221;.vc_custom_1563277572879{padding-right: 18% !important;}&#8221;][vc_empty_space][\/vc_column_inner][vc_column_inner offset=&#8221;vc_col-lg-offset-0 vc_col-lg-4 vc_col-md-offset-0 vc_col-md-12 vc_col-sm-offset-0 vc_col-xs-12&#8243; css=&#8221;.vc_custom_1563277579399{padding-right: 18% !important;}&#8221;][vc_empty_space][\/vc_column_inner][vc_column_inner offset=&#8221;vc_col-lg-offset-0 vc_col-lg-4 vc_col-md-offset-0 vc_col-md-12 vc_col-sm-offset-0 vc_col-xs-12&#8243; css=&#8221;.vc_custom_1563277587238{padding-right: 18% !important;}&#8221;][vc_empty_space][\/vc_column_inner][\/vc_row_inner][vc_row_inner row_content_width=&#8221;grid&#8221;][vc_column_inner offset=&#8221;vc_col-lg-offset-0 vc_col-lg-7 vc_col-md-offset-0 vc_col-md-12 vc_col-sm-offset-0 vc_col-xs-12&#8243;][\/vc_column_inner][vc_column_inner offset=&#8221;vc_col-lg-offset-0 vc_col-lg-5 vc_col-md-offset-0 vc_col-md-12 vc_col-sm-offset-0 vc_col-xs-12&#8243;][\/vc_column_inner][\/vc_row_inner][vc_row_inner row_content_width=&#8221;grid&#8221; css=&#8221;.vc_custom_1562665426257{padding-bottom: 75px !important;}&#8221;][vc_column_inner offset=&#8221;vc_col-lg-offset-0 vc_col-lg-4 vc_col-md-offset-0 vc_col-md-12 vc_col-sm-offset-0 vc_col-xs-12&#8243; css=&#8221;.vc_custom_1610465329813{padding-right: 18% !important;}&#8221;][vc_empty_space][\/vc_column_inner][\/vc_row_inner][vc_row_inner row_content_width=&#8221;grid&#8221; css=&#8221;.vc_custom_1562665426257{padding-bottom: 75px !important;}&#8221;][vc_column_inner offset=&#8221;vc_col-lg-offset-0 vc_col-lg-4 vc_col-md-offset-0 vc_col-md-12 vc_col-sm-offset-0 vc_col-xs-12&#8243; css=&#8221;.vc_custom_1563277572879{padding-right: 18% !important;}&#8221;][vc_column_text] LUXSIPA [\/vc_column_text][vc_wp_custommenu title=&#8221;CAT\u00c9GORIES&#8221; nav_menu=&#8221;48&#8243;][\/vc_column_inner][vc_column_inner offset=&#8221;vc_col-lg-offset-0 vc_col-lg-4 vc_col-md-offset-0 vc_col-md-12 vc_col-sm-offset-0 vc_col-xs-12&#8243; css=&#8221;.vc_custom_1563277579399{padding-right: 18% !important;}&#8221;][vc_column_text]LUXSIPA n&#8217;a en aucun cas vocation \u00e0 d\u00e9fendre les int\u00e9r\u00eats personnels de ses membres ou des entit\u00e9s qu&#8217;elle repr\u00e9sente.[\/vc_column_text][vc_column_text] DESCRIPTION [\/vc_column_text][vc_column_text]Les produits structur\u00e9s sont devenus au cours des derni\u00e8res ann\u00e9es une classe d&#8217;actifs bien \u00e9tablie pour les investisseurs professionnels et particuliers. L&#8217;objectif de l&#8217;Association est de promouvoir l&#8217;image globale des produits structur\u00e9s et de celle de la place financi\u00e8re luxembourgeoise dans son ensemble. L\u2019association Luxembourg Structured Investment Products (LUXSIPA) a \u00e9t\u00e9 cr\u00e9\u00e9e en juillet 2019 pour repr\u00e9senter les int\u00e9r\u00eats communs des membres les plus actifs de l&#8217;industrie des produits structur\u00e9s sur le march\u00e9 luxembourgeois. Elle rassemble les acteurs les plus actifs dans le domaine des produits structur\u00e9s, des \u00e9metteurs aux acheteurs, ainsi que les partenaires les plus fr\u00e9quents, tels que les bourses ou les consultants. Pour assurer son influence, l&#8217;Association s&#8217;efforce de se positionner comme un interlocuteur central, pointu et objectif pour toute question relative aux [&hellip;]<\/p>\n","protected":false},"author":1,"featured_media":4559,"parent":0,"menu_order":0,"comment_status":"closed","ping_status":"closed","template":"full-width.php","meta":{"footnotes":""},"class_list":["post-4260","page","type-page","status-publish","has-post-thumbnail","hentry"],"_links":{"self":[{"href":"https:\/\/luxsipa.lu\/web\/fr\/wp-json\/wp\/v2\/pages\/4260","targetHints":{"allow":["GET"]}}],"collection":[{"href":"https:\/\/luxsipa.lu\/web\/fr\/wp-json\/wp\/v2\/pages"}],"about":[{"href":"https:\/\/luxsipa.lu\/web\/fr\/wp-json\/wp\/v2\/types\/page"}],"author":[{"embeddable":true,"href":"https:\/\/luxsipa.lu\/web\/fr\/wp-json\/wp\/v2\/users\/1"}],"replies":[{"embeddable":true,"href":"https:\/\/luxsipa.lu\/web\/fr\/wp-json\/wp\/v2\/comments?post=4260"}],"version-history":[{"count":11,"href":"https:\/\/luxsipa.lu\/web\/fr\/wp-json\/wp\/v2\/pages\/4260\/revisions"}],"predecessor-version":[{"id":4600,"href":"https:\/\/luxsipa.lu\/web\/fr\/wp-json\/wp\/v2\/pages\/4260\/revisions\/4600"}],"wp:featuredmedia":[{"embeddable":true,"href":"https:\/\/luxsipa.lu\/web\/fr\/wp-json\/wp\/v2\/media\/4559"}],"wp:attachment":[{"href":"https:\/\/luxsipa.lu\/web\/fr\/wp-json\/wp\/v2\/media?parent=4260"}],"curies":[{"name":"wp","href":"https:\/\/api.w.org\/{rel}","templated":true}]}}