{"id":4280,"date":"2021-01-21T15:08:15","date_gmt":"2021-01-21T14:08:15","guid":{"rendered":"https:\/\/luxsipa.lu\/web\/legal-mention\/"},"modified":"2021-04-23T16:53:26","modified_gmt":"2021-04-23T14:53:26","slug":"mention-legale","status":"publish","type":"page","link":"https:\/\/luxsipa.lu\/web\/fr\/mention-legale\/","title":{"rendered":"Mention l\u00e9gale"},"content":{"rendered":"<p>[vc_row][vc_column][vc_empty_space][\/vc_column][\/vc_row][vc_row content_placement=&#8221;middle&#8221; content_text_aligment=&#8221;left&#8221; css=&#8221;.vc_custom_1619171437957{margin-right: 5% !important;margin-left: 5% !important;background-image: url(https:\/\/luxsipa.lu\/web\/wp-content\/uploads\/2021\/04\/LUXSIPA-Legal-picture-4.jpg?id=4554) !important;background-position: center !important;background-repeat: no-repeat !important;background-size: cover !important;}&#8221;][vc_column]<div class=\"qodef-elements-holder   qodef-one-column  qodef-responsive-mode-768  \" ><div class=\"qodef-eh-item    \"  data-item-class=\"qodef-eh-custom-2791\" data-1441-1700=\"100px 50% 30px 5%\" data-1367-1440=\"100px 50% 30px 5%\" data-1025-1366=\"180px 32% 33px 5.5%\" data-769-1024=\"180px 25% 30px 5.2%\" data-681-768=\"150px 25% 0px 2.5%\" data-680=\"80px 9% 0px 5.5%\">\n\t<div class=\"qodef-eh-item-inner\">\n\t\t<div class=\"qodef-eh-item-content qodef-eh-custom-2791\" style=\"padding: 100px 50% 30px 5%\">\n\t\t\t[vc_column_text el_class=&#8221;about-us-block-0&#8243;]We are a source of information on the structured products industry to any interested market participant.[\/vc_column_text]\t\t<\/div>\n\t<\/div>\n<\/div><\/div>[vc_empty_space][\/vc_column][\/vc_row][vc_row content_placement=&#8221;top&#8221; row_content_width=&#8221;grid&#8221; css=&#8221;.vc_custom_1619173249219{padding-top: 50px !important;padding-bottom: 185px !important;}&#8221; el_class=&#8221;contact-block-1&#8243;][vc_column offset=&#8221;vc_col-lg-offset-0 vc_col-lg-6 vc_col-md-offset-0 vc_col-md-12 vc_col-sm-offset-0&#8243;][vc_column_text]Ce site a pour objet de pr\u00e9senter LUXSIPA. Il ne doit pas \u00eatre consid\u00e9r\u00e9 comme constitutif d\u2019un \u00e9tablissement ni m\u00eame de la prestation effective de services en dehors du Grand-duch\u00e9 de Luxembourg. Les informations diffus\u00e9es sur ce site, qu\u2019elles soient de nature g\u00e9n\u00e9rale (telles des informations de march\u00e9) ou de nature sp\u00e9cifique (telles que des produits d\u2019investissement), sont fournies \u00e0 titre purement indicatif. Ces informations sont publi\u00e9es sans aucun engagement quant \u00e0 leur caract\u00e8re exhaustif, pr\u00e9cis et actuel. Elles ne constituent en aucun cas une offre ni une sollicitation \u00e0 l\u2019achat ou \u00e0 la vente d\u2019instruments financiers. Elles n\u2019ont aucune valeur de conseil juridique, comptable ou fiscal et ne valent que pour le moment o\u00f9 elles ont \u00e9t\u00e9 donn\u00e9es. Elles n\u2019ont pas la vocation \u00e0 se substituer aux connaissances et comp\u00e9tences de l\u2019utilisateur ; elles doivent donc \u00eatre utilis\u00e9es avec les conseils d\u2019un professionnel qualifi\u00e9. Les informations peuvent provenir de prestataires externes. LUXSIPA ne peut \u00eatre tenue responsable vis \u00e0 vis de l\u2019utilisateur de ces informations et de leurs cons\u00e9quences directes et indirectes.<\/p>\n<p>Ce site Internet est la propri\u00e9t\u00e9 exclusive de LUXSIPA. Ce site Internet est prot\u00e9g\u00e9 par les lois luxembourgeoises applicables aux droits de propri\u00e9t\u00e9 intellectuelle. En tant que tel, le site web ne peut en aucun cas et sans l&#8217;autorisation pr\u00e9alable de LUXSIPA \u00eatre enti\u00e8rement ou partiellement reproduit, mis \u00e0 disposition ou utilis\u00e9 autrement que de la mani\u00e8re et aux fins approuv\u00e9es par LUXSIPA.[\/vc_column_text][\/vc_column][vc_column offset=&#8221;vc_col-lg-offset-0 vc_col-lg-6 vc_col-md-offset-0 vc_col-md-12 vc_col-sm-offset-0&#8243;][vc_column_text]Les utilisateurs de ce site doivent \u00eatre extr\u00eamement prudents avec les courriers \u00e9lectroniques qu&#8217;ils peuvent recevoir de la part de tiers pr\u00e9tendant faire partie de LUXSIPA, et qui peuvent inclure, par exemple, des liens hypertextes, ou demander de divulguer des codes d&#8217;acc\u00e8s. LUXSIPA ne sera pas tenu responsable des dommages que les utilisateurs pourraient subir \u00e0 cet \u00e9gard.<\/p>\n<p>Les utilisateurs de ce site web acceptent que toute utilisation de ce site soit faite sous leur propre responsabilit\u00e9. LUXSIPA ne peut \u00eatre tenu responsable des dommages directs ou indirects qui peuvent \u00eatre caus\u00e9s par l&#8217;utilisation de ce site web ou en relation avec l&#8217;interruption, la fermeture ou le dysfonctionnement de ce site web, l&#8217;arr\u00eat pour maintenance ou r\u00e9paration du syst\u00e8me informatique de LUXSIPA, les pannes techniques ou les surcharges du r\u00e9seau.[\/vc_column_text][\/vc_column][\/vc_row]<\/p>\n","protected":false},"excerpt":{"rendered":"<p>[vc_row][vc_column][vc_empty_space][\/vc_column][\/vc_row][vc_row content_placement=&#8221;middle&#8221; content_text_aligment=&#8221;left&#8221; css=&#8221;.vc_custom_1619171437957{margin-right: 5% !important;margin-left: 5% !important;background-image: url(https:\/\/luxsipa.lu\/web\/wp-content\/uploads\/2021\/04\/LUXSIPA-Legal-picture-4.jpg?id=4554) !important;background-position: center !important;background-repeat: no-repeat !important;background-size: cover !important;}&#8221;][vc_column][vc_empty_space][\/vc_column][\/vc_row][vc_row content_placement=&#8221;top&#8221; row_content_width=&#8221;grid&#8221; css=&#8221;.vc_custom_1619173249219{padding-top: 50px !important;padding-bottom: 185px !important;}&#8221; el_class=&#8221;contact-block-1&#8243;][vc_column offset=&#8221;vc_col-lg-offset-0 vc_col-lg-6 vc_col-md-offset-0 vc_col-md-12 vc_col-sm-offset-0&#8243;][vc_column_text]Ce site a pour objet de pr\u00e9senter LUXSIPA. Il ne doit pas \u00eatre consid\u00e9r\u00e9 comme constitutif d\u2019un \u00e9tablissement ni m\u00eame de la prestation effective de services en dehors du Grand-duch\u00e9 de Luxembourg. Les informations diffus\u00e9es sur ce site, qu\u2019elles soient de nature g\u00e9n\u00e9rale (telles des informations de march\u00e9) ou de nature sp\u00e9cifique (telles que des produits d\u2019investissement), sont fournies \u00e0 titre purement indicatif. Ces informations sont publi\u00e9es sans aucun engagement quant \u00e0 leur caract\u00e8re exhaustif, pr\u00e9cis et actuel. Elles ne constituent en aucun cas une offre ni une sollicitation \u00e0 l\u2019achat ou \u00e0 la vente d\u2019instruments financiers. Elles n\u2019ont aucune valeur de conseil juridique, comptable ou fiscal et ne valent que pour le moment o\u00f9 elles ont \u00e9t\u00e9 donn\u00e9es. Elles n\u2019ont pas la vocation \u00e0 se substituer aux connaissances et comp\u00e9tences de l\u2019utilisateur ; elles doivent donc \u00eatre utilis\u00e9es avec les conseils d\u2019un professionnel qualifi\u00e9. Les informations peuvent provenir de prestataires externes. LUXSIPA ne peut \u00eatre tenue responsable vis \u00e0 vis de l\u2019utilisateur de ces informations et de leurs cons\u00e9quences directes et indirectes. Ce site Internet est la propri\u00e9t\u00e9 exclusive de LUXSIPA. Ce site Internet est prot\u00e9g\u00e9 par les lois luxembourgeoises applicables aux droits de propri\u00e9t\u00e9 intellectuelle. En tant que tel, le site web ne peut en aucun cas et sans l&#8217;autorisation pr\u00e9alable de LUXSIPA \u00eatre enti\u00e8rement ou partiellement reproduit, mis \u00e0 [&hellip;]<\/p>\n","protected":false},"author":1,"featured_media":0,"parent":0,"menu_order":0,"comment_status":"closed","ping_status":"closed","template":"full-width.php","meta":{"footnotes":""},"class_list":["post-4280","page","type-page","status-publish","hentry"],"_links":{"self":[{"href":"https:\/\/luxsipa.lu\/web\/fr\/wp-json\/wp\/v2\/pages\/4280","targetHints":{"allow":["GET"]}}],"collection":[{"href":"https:\/\/luxsipa.lu\/web\/fr\/wp-json\/wp\/v2\/pages"}],"about":[{"href":"https:\/\/luxsipa.lu\/web\/fr\/wp-json\/wp\/v2\/types\/page"}],"author":[{"embeddable":true,"href":"https:\/\/luxsipa.lu\/web\/fr\/wp-json\/wp\/v2\/users\/1"}],"replies":[{"embeddable":true,"href":"https:\/\/luxsipa.lu\/web\/fr\/wp-json\/wp\/v2\/comments?post=4280"}],"version-history":[{"count":45,"href":"https:\/\/luxsipa.lu\/web\/fr\/wp-json\/wp\/v2\/pages\/4280\/revisions"}],"predecessor-version":[{"id":4587,"href":"https:\/\/luxsipa.lu\/web\/fr\/wp-json\/wp\/v2\/pages\/4280\/revisions\/4587"}],"wp:attachment":[{"href":"https:\/\/luxsipa.lu\/web\/fr\/wp-json\/wp\/v2\/media?parent=4280"}],"curies":[{"name":"wp","href":"https:\/\/api.w.org\/{rel}","templated":true}]}}